{"id":14,"date":"2011-03-16T15:32:02","date_gmt":"2011-03-16T15:32:02","guid":{"rendered":"http:\/\/www.geographische-gesellschaft-leipzig.de\/?page_id=14"},"modified":"2026-02-10T07:33:26","modified_gmt":"2026-02-10T07:33:26","slug":"preis-der-ggzl","status":"publish","type":"page","link":"https:\/\/www.geographische-gesellschaft-leipzig.de\/?page_id=14","title":{"rendered":"Preis der GGzL"},"content":{"rendered":"<h2 style=\"text-align: center;\"><span style=\"color: #000000;\"><strong>Preis der Geographischen Gesellschaft<br \/>\nzu Leipzig e. V. 2026\/2027<\/strong><\/span><\/h2>\n<p>Die Geographische Gesellschaft zu Leipzig (GGzL) schreibt einen Preis f\u00fcr herausragende geographische Aktivit\u00e4ten und Projekte junger Menschen aus. Diese sollen einen thematischen Bezug zur Stadt oder Region Leipzig aufweisen.<\/p>\n<p>Zur Bewerbung um den Preis sind Jugendliche und junge Erwachsene aufgerufen, die an ihrer Schule, Hochschule oder Universit\u00e4t eigenst\u00e4ndig ein originelles geographisches Projekt umgesetzt haben. Das kann z. B. eine besonderen Lernleistung in der Schule oder eine herausragende au\u00dferschulische Aktivit\u00e4t sein. So sind tolle Geographie-Wettbewerbe, geographisch ausgerichtete Werkst\u00e4tten oder spannende Exkursionen pr\u00e4mierungsf\u00e4hig.<\/p>\n<p>Im universit\u00e4ren Umfeld geh\u00f6ren dazu Konferenzen, Workshops oder eigenst\u00e4ndig organisierte Feldarbeiten. Zur Bewerbung geh\u00f6rt eine genaue Beschreibung der Aktivit\u00e4t (2\u20133 S.) und eine schriftliche Bewertung durch den verantwortlichen (Hochschul-)Lehrer (1\u20132 S.).<br \/>\nAbsolventInnen von Studienrichtungen mit Bezug zur Geographie werden im Falle einer ausgezeichneten Abschlussarbeit, in der Regel Masterarbeit, ermutigt, sich zu bewerben. Dazu reichen Sie bitte eine kurze Begr\u00fcndung f\u00fcr Ihre Bewerbung, eine Zusammenfassung der Arbeit (2 S.), die Gutachten und die gesamte Arbeit in digitalem Format ein.<br \/>\nDer Preis besteht aus einem Preisgeld und einer einj\u00e4hrigen Freimitgliedschaft in der GGzL. Interessierte junge Menschen k\u00f6nnen sich selbst bewerben; Unterst\u00fctzung durch Kontaktpersonen wird begr\u00fc\u00dft.<\/p>\n<p><strong>Einsendeschluss der Bewerbung: 31.12.2027<\/strong>, zu richten an<br \/>\n<em>Vorstand der Geographischen Gesellschaft zu Leipzig e. V.<\/em><br \/>\n<em>c\/o Leibniz Institut f\u00fcr L\u00e4nderkunde<\/em><br \/>\n<em>Schongauerstr. 9, 04328 Leipzig<\/em><br \/>\n<em>info@geographische-gesellschaft-leipzig.de<\/em><\/p>\n<p>F\u00fcr R\u00fcckfragen steht der Vorstand gerne zur Verf\u00fcgung.<\/p>\n","protected":false},"excerpt":{"rendered":"<p>Preis der Geographischen Gesellschaft zu Leipzig e. V. 2026\/2027 Die Geographische Gesellschaft zu Leipzig (GGzL) schreibt einen Preis f\u00fcr herausragende geographische Aktivit\u00e4ten und Projekte junger Menschen aus. Diese sollen einen thematischen Bezug zur Stadt oder Region Leipzig aufweisen. Zur Bewerbung &hellip; <a href=\"https:\/\/www.geographische-gesellschaft-leipzig.de\/?page_id=14\">Continue reading <span class=\"meta-nav\">&rarr;<\/span><\/a><\/p>\n","protected":false},"author":1,"featured_media":0,"parent":0,"menu_order":3,"comment_status":"closed","ping_status":"closed","template":"","meta":{"footnotes":""},"class_list":["post-14","page","type-page","status-publish","hentry"],"_links":{"self":[{"href":"https:\/\/www.geographische-gesellschaft-leipzig.de\/index.php?rest_route=\/wp\/v2\/pages\/14"}],"collection":[{"href":"https:\/\/www.geographische-gesellschaft-leipzig.de\/index.php?rest_route=\/wp\/v2\/pages"}],"about":[{"href":"https:\/\/www.geographische-gesellschaft-leipzig.de\/index.php?rest_route=\/wp\/v2\/types\/page"}],"author":[{"embeddable":true,"href":"https:\/\/www.geographische-gesellschaft-leipzig.de\/index.php?rest_route=\/wp\/v2\/users\/1"}],"replies":[{"embeddable":true,"href":"https:\/\/www.geographische-gesellschaft-leipzig.de\/index.php?rest_route=%2Fwp%2Fv2%2Fcomments&post=14"}],"version-history":[{"count":56,"href":"https:\/\/www.geographische-gesellschaft-leipzig.de\/index.php?rest_route=\/wp\/v2\/pages\/14\/revisions"}],"predecessor-version":[{"id":2157,"href":"https:\/\/www.geographische-gesellschaft-leipzig.de\/index.php?rest_route=\/wp\/v2\/pages\/14\/revisions\/2157"}],"wp:attachment":[{"href":"https:\/\/www.geographische-gesellschaft-leipzig.de\/index.php?rest_route=%2Fwp%2Fv2%2Fmedia&parent=14"}],"curies":[{"name":"wp","href":"https:\/\/api.w.org\/{rel}","templated":true}]}}