{"id":1417,"date":"2021-11-28T15:16:41","date_gmt":"2021-11-28T15:16:41","guid":{"rendered":"http:\/\/www.geographische-gesellschaft-leipzig.de\/?page_id=1417"},"modified":"2024-12-16T06:56:14","modified_gmt":"2024-12-16T06:56:14","slug":"bisherige-preisvergaben","status":"publish","type":"page","link":"https:\/\/www.geographische-gesellschaft-leipzig.de\/?page_id=1417","title":{"rendered":"Preistr\u00e4gerinnen\/Preistr\u00e4ger"},"content":{"rendered":"<p><strong><span style=\"text-decoration: underline;\">Preis der Geographischen Gesellschaft zu Leipzig 2021<\/span><br \/>\n1. Preise<br \/>\nSarah Knechtel:<\/strong> Entmietungspraktiken von Immobilieneigent\u00fcmer:innen in Gentrifizierungsf\u00e4llen. Untersucht am Beispiel der Kantstra\u00dfe 55-63b in Leipzig<br \/>\n<strong>Rebecca Thoma:<\/strong> Lebensmittelabf\u00e4lle bei Mitgliedern solidarischer Landwirtschaften \u2013 Eine Analyse von Einflussfaktoren<\/p>\n<p><span style=\"text-decoration: underline;\"><strong>Preis der Geographischen Gesellschaft zu Leipzig 2020<\/strong><\/span><br \/>\n<strong>1. Preise<\/strong><br \/>\n<strong>Nicole Kl\u00e4ring (M.Sc.):<\/strong> Stadtteilentwicklung entlang der Leipziger Eisenbahnstra\u00dfe aus immobilienwirtschaftlicher Sicht<br \/>\n<strong>Nina Zerche (M.Sc.):<\/strong> Wir, die Peripherisierten. Kollektive Identit\u00e4t und Identit\u00e4tspolitik unter Bedingungen der Peripherisierung<\/p>\n<p><strong><span style=\"text-decoration: underline; color: #000000;\">Preis der Geographischen Gesellschaft zu Leipzig 2019<\/span><br \/>\n<\/strong><strong>1. Preise<\/strong><em><br \/>\n<strong>Helen Ballasus (M.Sc.):<\/strong><\/em> Species effects on temparature regulation mechanisms in the tree canopies at the Leipzig canpopy crane<br \/>\n<em><strong>Lukas Wortmann (M.Sc.):<\/strong><\/em> Remigration in Mitteldeutschland &#8211; Eine explorative Analyse von Migrationsbiographien am Beipiel von R\u00fcckkehrer*innen<\/p>\n<p><strong><span style=\"text-decoration: underline; color: #000000;\"><strong>Preis der <\/strong><strong>Geographischen Gesellschaft zu Leipzig 2018<\/strong><\/span><strong><br \/>\n<\/strong><\/strong><strong>1. Preise<\/strong><em><br \/>\n<strong>Fabian-Constantin Sitarro (M.Sc.):<\/strong><\/em> Risikopotenzial der Ausbreitung invasiver Pflanzenarten<br \/>\n<em><strong>Katja Gehrmann (M.Sc.):<\/strong><\/em> Kooperation zivilgesellschaftlicher Akteure der sozialen Stadtentwicklung. Eine Untersuchung am Beispiel des Leipziger Ostens<\/p>\n<p><span style=\"text-decoration: underline;\"><strong>Preis der <\/strong><strong>Geographischen Gesellschaft zu Leipzig 2017<\/strong><strong><br \/>\n<\/strong><\/span><strong> 1. Preis<\/strong><strong><br \/>\n<\/strong><strong><em>Victoria Lehmann (M.Sc.):<\/em><\/strong> Innenstadt zwischen Tradition und Zukunft &#8211; Einzelhandelsentwicklung am Beispiel des Mittelzentrums Grimma<\/p>\n<p><strong><strong><span style=\"text-decoration: underline;\">Preis der Geographischen Gesellschaft zu Leipzig 2016<\/span><br \/>\n<\/strong>1. Preise<\/strong><br \/>\n<em><strong>Marie-Katrin G\u00f6rbing (M.Sc.):<\/strong><\/em> Zwischennutzung in unterschiedlichen urbanen Kontexten am Beispiel von Leipzig und Dessau<br \/>\n<em><strong>Anika Schmidt (M.Sc.):<\/strong><\/em> Dezentrales Wohnen von Gefl\u00fcchteten in Leipzig &#8211; Kommunale Handlungsfelder und Einflussnahme nicht-staatlicher Akteure<br \/>\n<strong>2. Preis<\/strong><br \/>\n<em>&#8211; Nicht vergeben &#8211;<\/em><br \/>\n<strong>3. Preise<\/strong><br \/>\n<em><strong>Tom Schwarzenberg (M.Sc.):<\/strong><\/em> Die Rolle des Ehrenamts in einer peripherisierten l\u00e4ndlichen Region &#8211; Eine praxistheoretisch inspirierte qualitative Analyse ehrenamtlichen Engagements und dessen impliziter Wissens- und Sinnstrukturen im Altenburger Land<br \/>\n<em><strong>Michael Steubing (M.Sc.):<\/strong><\/em> Technologie- und Gr\u00fcnderzentren in Sachsen &#8211; Analyse der aktuellen Strukturen und Perspektiven der Zentren im l\u00e4ndlichen Raum<\/p>\n<p><span style=\"text-decoration: underline;\"><strong>Preis der Geographischen Gesellschaft zu Leipzig 2015<\/strong><\/span><br \/>\n<strong>1. Preis<\/strong><br \/>\n<em><strong>Janine P\u00f6\u00dfneck (M.Sc.):<\/strong><\/em> Tragische Gestalten der Aufwertung? &#8211; Eine qualitative Untersuchung der subjektiven Wahrnehmungen von Raumpionieren am Beispiel der Ausbauh\u00e4user in Leipzig.<br \/>\n<strong>2. Preise<\/strong><br \/>\n<em> <strong>Katrin Klinger (M.Sc.):<\/strong><\/em> Raumpioniere in l\u00e4ndlich-peripheren Schrumpfungsregionen &#8211; Chancen und Herausforderungen am Beispiel des s\u00fcdlichen Vorpommerns und der n\u00f6rdlichen Uckermark.<br \/>\n<em> <strong>Marcel Bliedtner (M.Sc.):<\/strong><\/em> Holocene paleovegetation reconstructed from a fluvial sediment-paleosol sequence along the upper Alazani River (Caucasus Region) using leaf-wax biomarkers &#8211; local vs. catchment information.<\/p>\n<p><span style=\"text-decoration: underline;\"><span style=\"color: #000000;\"><strong>Preis der Geographischen Gesellschaft zu Leipzig 2014<\/strong><\/span><\/span><br \/>\n<strong>1. Preis<\/strong><br \/>\n<em><strong>Simon Schmidt (M.Sc.):<\/strong><\/em> Entwicklung eines Winderosionsmodells zur potentiellen Gef\u00e4hrdungsabsch\u00e4tzung des Bodenabtrags auf landwirtschaftlichen Nutzfl\u00e4chen in Westsachsen.<br \/>\n<strong>2. Preise<\/strong><br \/>\n<em><strong>Susanne Andr\u00e9 (M.Sc.):<\/strong><\/em> Innerst\u00e4dtische Einkaufszentren &#8211; Chance oder Gefahr f\u00fcr den inhabergef\u00fchrten Einzelhandel. Eine empirische Untersuchung der Shoppingcenteransiedlungen GERBER und MILANEO in Stuttgart.<br \/>\n<em><strong>Sophie Perthus (M.Sc.):<\/strong><\/em> Von der Gefahrenabwehr zur sozialr\u00e4umlichen Risikokalkulation &#8211; Kommunale Kriminalpr\u00e4vention in Leipzig-Connewitz im Dienste der Inwertsetzung des Stadtteils, 1990-2014.<br \/>\n<strong>3. Preis<\/strong><br \/>\n<em>&#8211; Nicht vergeben &#8211;<\/em><br \/>\n<strong>4. Preis<\/strong><br \/>\n<em><strong>Peter Prskawetz (M.Sc.):<\/strong><\/em> Eine vergleichende Untersuchung gebietsbezogener St\u00e4dtebauf\u00f6rderprogramme in Sachsen.<\/p>\n<p><span style=\"text-decoration: underline;\"><strong>Preis der Geographischen Gesellschaft zu Leipzig 2013<\/strong><\/span><br \/>\n<strong>1. Preise<\/strong><br \/>\n<em><strong>Maximilian Beyer (M.Sc.):<\/strong><\/em> Urbane Vulnerabilit\u00e4t gegen\u00fcber Hochwasser &#8211; Risikowahrnehmung exponierter Bev\u00f6lkerung und deren Einfluss auf private Schutz- und Versorgungsma\u00dfnahmen vor dem Hintergrund des Junihochwassers 2013 in Leipzig.<br \/>\n<em><strong>Falko Kr\u00fcgel (M.Sc.):<\/strong><\/em> Strukturwandel der medizinischen Grundversorgung in Sachsen. Modellkonzeption zur Erfassung und Prognose der medizinischen Versorgung.<br \/>\n<strong>2. Preis<\/strong><br \/>\n<em>&#8211; Nicht vergeben &#8211;<\/em><br \/>\n<strong>3. Preise<\/strong><br \/>\n<em><strong>Stefanie Ackermann (M.Sc.):<\/strong><\/em> Unternehmerische Standortwahl der Deutschen Bahn AG im Kontext der Stadtentwicklung Magdeburgs. Ein stakeholderbasierter Ansatz.<br \/>\n<em><strong>Sophie Golinski (M.Sc.):<\/strong><\/em> Zwischen Identit\u00e4t und Resignation in der l\u00e4ndlichen Entwicklung. Eine Untersuchung in den Leader-Aktionsr\u00e4umen der Altmark und Oststeiermark.<\/p>\n<p><span style=\"text-decoration: underline;\"><strong>Preis der Geographischen Gesellschaft zu Leipzig 2012<\/strong><\/span><br \/>\n<strong>1. Preis<\/strong><br \/>\n<em><strong>Dipl.-Geogr. Lea Bauer:<\/strong><\/em> S\u00e1mi Land in Context of the European Union&#8217;s Multiscalar Metagovernance.<br \/>\n<strong>2. Preise<\/strong><br \/>\n<em><strong>Dipl.-Geogr. Enrico Steiger:<\/strong><\/em> Verfahren zur Verkehrsdatengenerierung aus freien geographischen Informationssystemen &#8211; innerst\u00e4dtische Verkehrsanalyse am Beispiel Salzburg im Kontext eines verbesserten Verkehrsmanagement.<br \/>\n<em><strong>Dipl.-Geogr. J\u00f6rg Heilmann:<\/strong><\/em> Die Nutzung der Windernergie und ihr Fl\u00e4chenbedarf &#8211; Was bedeuten die Ausbauziele der Bundesl\u00e4nder f\u00fcr die Raumordnung?<br \/>\n<strong>3. Preis<\/strong><br \/>\n<em><strong>Dipl.-Geogr. Nicole Runge:<\/strong><\/em> Landschaftsver\u00e4nderungen und Raumordnungsplanung im Braunkohlebergbau im Nordraum Leipzig.<\/p>\n<p><span style=\"text-decoration: underline;\"><strong>Preis der Geographischen Gesellschaft zu Leipzig 2011<\/strong><\/span><br \/>\n<strong>1. Preis<\/strong><br \/>\n<em><strong>Dipl.-Geogr. Christoph Schmahl:<\/strong><\/em> Die Internationalisierung der Beschaffungsm\u00e4rkte &#8211; Am Beispiel des Chemikalienhandels in der Bundesrepublik Deutschland.<br \/>\n<strong>2. Preise<\/strong><br \/>\n<em><strong>Dipl.-Geogr. Jana Hildebrand:<\/strong><\/em> Wiederbelebung der via regia als fahrradtouristische Route &#8211; Perspektiven f\u00fcr den Abschnitt Leipzig \u2013 G\u00f6rlitz.<br \/>\n<em><strong>Dipl.-Geogr. Martin Schmiedel:<\/strong><\/em> Auswirkungen des demographischen Wandels und Handlungsoptionen bez\u00fcglich des \u00d6ffentlichen Personennahverkehrs im Raum Pegau \u2013 Groitzsch \u2013 Zwenkau.<\/p>\n<p><span style=\"text-decoration: underline;\"><strong>Preis der Geographischen Gesellschaft zu Leipzig 2010<\/strong><\/span><br \/>\n<strong>1. Preis<\/strong><br \/>\n<em><strong>Dipl.-Geogr. Esther Nieft:<\/strong><\/em> V\u0161ade dobre, doma najlep\u0161ie? \u2013 \u00dcberall sch\u00f6n, zu Hause am besten.<br \/>\n<strong>2. Preise<\/strong><br \/>\n<em><strong>Dipl.-Geogr. Frank Meyer:<\/strong><\/em> Raum, Freiheit Sicherheit und Recht &#8211; Eine diskursanalytische Betrachtung der politisch-sprachlichen Produktion des Au\u00dfengrenzregimes der Europ\u00e4ischen Union zwischen 1995 und 2009.<br \/>\n<em><strong>Dipl.-Geogr. Michael Fischer:<\/strong><\/em> Carbonate chemistry and CaCO3 precipitation as akaite in Antarctic sea ice: Analysis in the Southern Ocean and off Ad\u00e9lie Land, Antarctica.<br \/>\n<strong>3. Preise<\/strong><br \/>\n<em><strong>Dipl.-Geogr. Thomas Espig:<\/strong><\/em> Kooperation und Unternehmernetzwerke von kleinen und mittleren Unternehmen.<br \/>\n<em><strong>Dipl.-Geogr. Alexander Leistner:<\/strong><\/em> Kommunen als Multiplikator fairen Handels &#8211; Faire Kriterien im kommunalen Beschaffungswesen zur F\u00f6rderung nachhaltiger Entwicklung in Entwicklungsl\u00e4ndern.<\/p>\n<p><span style=\"text-decoration: underline;\"><strong>Preis der Geographischen Gesellschaft zu Leipzig 2009<\/strong><\/span><br \/>\n<strong>1. Preis<\/strong><br \/>\n<strong><em>Dipl.-Geogr. Nico Meye:<\/em><\/strong> Die Vulnerabilit\u00e4t wests\u00e4chsischer Gemeinden im Hinblick auf die klimatischen Bedingungen.<br \/>\n<strong>2. Preis<\/strong><br \/>\n<em><strong>Dipl.-Geogr. Annika Duveneck:<\/strong><\/em> Zur paradoxen Beziehung zwischen Kindern und dem \u00d6ffentlichen Raum &#8211; ein explorativer Vorsto\u00df zur Etablierung einer konstruktivistischen Geographie der Kindheit.<br \/>\n<strong>3. Preis<\/strong><br \/>\n<em><strong>Dipl.-Geogr. Anna Kunath:<\/strong><\/em> Urbane Fl\u00e4chenpotenziale am Beispiel von Leipzig &#8211; Qualit\u00e4ten und Brachfl\u00e4chen f\u00fcr aktuelle und zuk\u00fcnftige Stadthausbewohner in der inneren Stadt.<\/p>\n<p><span style=\"text-decoration: underline;\"><strong>Preis der Geographischen Gesellschaft zu Leipzig 2008<\/strong><\/span><br \/>\n<em>&#8211; Keine Preisvergabe &#8211;<\/em><\/p>\n<p><span style=\"text-decoration: underline;\"><strong>Preis der Geographischen Gesellschaft zu Leipzig 2007<\/strong><\/span><br \/>\n<em>&#8211; Keine Preisvergabe &#8211;<\/em><\/p>\n<p><span style=\"text-decoration: underline;\"><strong>Preis der Geographischen Gesellschaft zu Leipzig 2006<\/strong><\/span><br \/>\n<strong>1. Preise<\/strong><br \/>\n<em><strong>Dipl.-Geogr. Martin Ulrich Steinert:<\/strong><\/em> \u00dcberpr\u00fcfung von Verfahren zur Bewertung der Retentionsfunktion am Beispiel des Einzugsgebiets der Oberen Ems.<br \/>\n<em><strong>Dipl.-Geogr. Robert Liebecke:<\/strong><\/em> Wochenendhaussiedlungen in S\u00fcdbrandenburg &#8211; Untersuchung zu Besitzmotiven und Nutzungscharakteristika unter besonderer Beachtung der Dauernutzung.<\/p>\n<p><span style=\"text-decoration: underline;\"><strong>Preis der Geographischen Gesellschaft zu Leipzig 2005<\/strong><\/span><br \/>\n<strong>1. Preis<\/strong><br \/>\n<em><strong>Dipl.-Geogr. Torsten Wolf:<\/strong><\/em> Kriterien und Indikatoren einer Landschaftsbewertung f\u00fcr die Erstellung von Szenarien der Wohnsuburbanisierung.<br \/>\n<strong>2. Preis<\/strong><br \/>\n<em><strong>Dipl.-Geogr. Claudia Irmscher:<\/strong><\/em> Geotope und Umweltbildung \u2013 Ein Entdeckungspfad durch den s\u00fcdlichen Muldentalkreis im Rahmen eines Geopark-Konzeptes.<br \/>\n<strong>3. Preis<\/strong><br \/>\n<em><strong>Dipl.-Geogr. Daniel M\u00fcller:<\/strong><\/em> Untersuchung zur wissensbasierten Klassifikation ausgew\u00e4hlter landwirtschaftlicher Nutzpflanzen unter Verwendung spektraler Normkurven.<\/p>\n<p><span style=\"text-decoration: underline;\"><strong>Preis der Geographischen Gesellschaft zu Leipzig 2004<\/strong><\/span><br \/>\n<strong>1. Preis<\/strong><br \/>\n<em><strong>Dipl.-Geogr. Matthias Hantschmann:<\/strong><\/em> Untersuchung zur \u00d6kologie eines kleinen, stadtnahen Flie\u00dfgew\u00e4ssers Analyse und Bewertung der Gew\u00e4sserg\u00fcte und Gew\u00e4sserstruktur des Zschampert (westl. von Leipzig).<br \/>\n<strong>2. Preis<\/strong><br \/>\n<em><strong>Dipl.-Geogr. Romy Zischner:<\/strong><\/em> Gentrification in Leipzig \u2013 Connewitz? Theoretische Gentrification-Ans\u00e4tze und deren G\u00fcltigkeit in St\u00e4dten der neuen Bundesl\u00e4nder \u2013 eine empirische Studie.<br \/>\n<strong>3. Preis<\/strong><br \/>\n<em><strong>Dipl.-Geogr. Michael Anz:<\/strong><\/em> Arbeitsmarktintegration von Zuwanderern aus der ehemaligen Sowjetunion.<\/p>\n<p><span style=\"text-decoration: underline;\"><strong>Preis der Geographischen Gesellschaft zu Leipzig 2003<\/strong><\/span><br \/>\n<strong>1. Preis<\/strong><br \/>\n<em><strong>Dipl.-Geogr. Tobias Werner:<\/strong><\/em> Die Wiederherstellung des Radonbades Schlema &#8211; Wirtschaftliche Effekte und Probleme einer endogen motivierten Entwicklungsstrategie im l\u00e4ndlichen Raum.<br \/>\n<strong>2. Preise<\/strong><br \/>\n<em><strong>Dipl.-Geogr. Frank Zimmermann:<\/strong><\/em> Einfluss unterschiedlicher Bodenbearbeitung von Ackerfl\u00e4chen auf den sickerwassergebundenen Stofftransport &#8211; untersucht mit Hilfe von Experimenten an Bodens\u00e4ulen.<br \/>\n<em><strong>Dipl.-Geogr. Enrico Thiel:<\/strong><\/em> Stickstoffhaushalt und sickerwassergebundener Stoffaustrag bei konventioneller und konservierender Bodenbearbeitung &#8211; ein Untersuchungsbeispiel aus dem Mittels\u00e4chsischen L\u00f6\u00dfh\u00fcgelland unter besonderer Ber\u00fccksichtigung des Reliefeinflusses und des C\/N-Verh\u00e4ltnisses.<br \/>\n<em><strong>Dipl.-Geogr. Sabine Ackermann:<\/strong><\/em> Lokale Sortimentsoptimierung im Lebensmittel-Einzelhandel.<br \/>\n<em><strong>Dipl.-Geogr. Oliver Fritzsche:<\/strong><\/em> \u00d6konomische Transformation und Restrukturierung von Altindustriegebieten in Budapest.<\/p>\n<p><span style=\"text-decoration: underline;\"><strong>Preis der Geographischen Gesellschaft zu Leipzig 2002<\/strong><\/span><br \/>\n<strong>1. Preis<\/strong><br \/>\n<em><strong>Dipl.-Geogr. Thilo Weichel:<\/strong><\/em> Untersuchung des Sediment- und N\u00e4hrstoffeintrages in die Talsperre Kelbra nach Herkunft, Menge und Wirkung, einschlie\u00dflich Vorschl\u00e4gen zur Reduzierung.<br \/>\n<strong>2. Preise<\/strong><br \/>\n<strong><em>Dipl.-Geogr. Lothar Linde:<\/em><\/strong> The role of Thymelea hirsuta shrubs in water flow on hillslopes in the Negev Desert of Israel.<br \/>\n<strong><em>Dipl.-Geogr. Andreas Peter:<\/em><\/strong> Die Chancen von Urbanit\u00e4t in einer schrumpfenden Stadt &#8211; untersucht an der Stadtkulisse zweier kontrastierender Stra\u00dfenr\u00e4ume in Leipzig.<\/p>\n","protected":false},"excerpt":{"rendered":"<p>Preis der Geographischen Gesellschaft zu Leipzig 2021 1. Preise Sarah Knechtel: Entmietungspraktiken von Immobilieneigent\u00fcmer:innen in Gentrifizierungsf\u00e4llen. Untersucht am Beispiel der Kantstra\u00dfe 55-63b in Leipzig Rebecca Thoma: Lebensmittelabf\u00e4lle bei Mitgliedern solidarischer Landwirtschaften \u2013 Eine Analyse von Einflussfaktoren Preis der Geographischen Gesellschaft &hellip; <a href=\"https:\/\/www.geographische-gesellschaft-leipzig.de\/?page_id=1417\">Continue reading <span class=\"meta-nav\">&rarr;<\/span><\/a><\/p>\n","protected":false},"author":2,"featured_media":0,"parent":14,"menu_order":1,"comment_status":"closed","ping_status":"open","template":"","meta":{"footnotes":""},"class_list":["post-1417","page","type-page","status-publish","hentry"],"_links":{"self":[{"href":"https:\/\/www.geographische-gesellschaft-leipzig.de\/index.php?rest_route=\/wp\/v2\/pages\/1417"}],"collection":[{"href":"https:\/\/www.geographische-gesellschaft-leipzig.de\/index.php?rest_route=\/wp\/v2\/pages"}],"about":[{"href":"https:\/\/www.geographische-gesellschaft-leipzig.de\/index.php?rest_route=\/wp\/v2\/types\/page"}],"author":[{"embeddable":true,"href":"https:\/\/www.geographische-gesellschaft-leipzig.de\/index.php?rest_route=\/wp\/v2\/users\/2"}],"replies":[{"embeddable":true,"href":"https:\/\/www.geographische-gesellschaft-leipzig.de\/index.php?rest_route=%2Fwp%2Fv2%2Fcomments&post=1417"}],"version-history":[{"count":19,"href":"https:\/\/www.geographische-gesellschaft-leipzig.de\/index.php?rest_route=\/wp\/v2\/pages\/1417\/revisions"}],"predecessor-version":[{"id":1964,"href":"https:\/\/www.geographische-gesellschaft-leipzig.de\/index.php?rest_route=\/wp\/v2\/pages\/1417\/revisions\/1964"}],"up":[{"embeddable":true,"href":"https:\/\/www.geographische-gesellschaft-leipzig.de\/index.php?rest_route=\/wp\/v2\/pages\/14"}],"wp:attachment":[{"href":"https:\/\/www.geographische-gesellschaft-leipzig.de\/index.php?rest_route=%2Fwp%2Fv2%2Fmedia&parent=1417"}],"curies":[{"name":"wp","href":"https:\/\/api.w.org\/{rel}","templated":true}]}}