{"id":1428,"date":"2021-11-28T15:25:29","date_gmt":"2021-11-28T15:25:29","guid":{"rendered":"http:\/\/www.geographische-gesellschaft-leipzig.de\/?page_id=1428"},"modified":"2025-02-04T15:27:38","modified_gmt":"2025-02-04T15:27:38","slug":"aktuelle-preisvergabe","status":"publish","type":"page","link":"https:\/\/www.geographische-gesellschaft-leipzig.de\/?page_id=1428","title":{"rendered":"Aktuelle Preisvergabe"},"content":{"rendered":"<p>Im Rahmen unserers Gesellschaftsabend am 8. Oktober 2024 wurden die beiden Preistr\u00e4ger f\u00fcr den <strong>Preis der Geographischen Gesellschaft 2022\/2023<\/strong> bekanntgegeben und vor den versammelten Mitgliedern und G\u00e4sten f\u00fcr ihre herausragenden Abschlussarbeiten ausgezeichnet.<\/p>\n<p>Die beiden Preistr\u00e4ger sind:<\/p>\n<p><strong>Jan Nowakowski<\/strong> mit seiner Abschlussarbeit zum Thema <strong>Vermietungsprobleme im Leipziger Wohnungsneubau \u2013 Analyse des Wohnungsleerstandes.<\/strong><br \/>\n<em>Betreut wurde diese Arbeit von Prof. Dr. J\u00f6rg Gertel (Universit\u00e4t Leipzig, Institut f\u00fcr Geographie) und Prof. Dr. Dieter Rink (Dept. Stadt- und Umweltsoziologie, Helmholtz-Zentrum f\u00fcr Umweltforschung\u2013UFZ).<\/em><\/p>\n<p><strong>Maximilian Wassersleben<\/strong> mit seiner Abschlussarbeit zum Thema <strong>Analyse des photovoltaischen Energiepotentials f\u00fcr die Liegenschaften der Martin-Luther-Universit\u00e4t Halle-Wittenberg unter Verwendung von GIS-Methoden.<\/strong><br \/>\n<em>Betreut wurde diese Arbeit von Dr. Detlef Th\u00fcrkow und Dr. Mike Teucher (Institut f\u00fcr Geowissenschaften und Geographie, Martin-Luther-Universit\u00e4t Halle-Wittenberg).<\/em><\/p>\n<div id=\"attachment_1966\" style=\"width: 650px\" class=\"wp-caption aligncenter\"><a href=\"http:\/\/www.geographische-gesellschaft-leipzig.de\/wp-content\/uploads\/2024\/12\/preisggzl2024.jpg\" target=\"_blank\" rel=\"noopener\"><img loading=\"lazy\" decoding=\"async\" aria-describedby=\"caption-attachment-1966\" class=\"wp-image-1966 size-large\" src=\"http:\/\/www.geographische-gesellschaft-leipzig.de\/wp-content\/uploads\/2024\/12\/preisggzl2024-1024x768.jpg\" alt=\"\" width=\"640\" height=\"480\" srcset=\"https:\/\/www.geographische-gesellschaft-leipzig.de\/wp-content\/uploads\/2024\/12\/preisggzl2024-1024x768.jpg 1024w, https:\/\/www.geographische-gesellschaft-leipzig.de\/wp-content\/uploads\/2024\/12\/preisggzl2024-300x225.jpg 300w, https:\/\/www.geographische-gesellschaft-leipzig.de\/wp-content\/uploads\/2024\/12\/preisggzl2024-768x576.jpg 768w, https:\/\/www.geographische-gesellschaft-leipzig.de\/wp-content\/uploads\/2024\/12\/preisggzl2024-1536x1152.jpg 1536w, https:\/\/www.geographische-gesellschaft-leipzig.de\/wp-content\/uploads\/2024\/12\/preisggzl2024-2048x1536.jpg 2048w\" sizes=\"(max-width: 640px) 100vw, 640px\" \/><\/a><p id=\"caption-attachment-1966\" class=\"wp-caption-text\">Die Preistr\u00e4ger Jan Nowakowski und Maximilian Wassersleben nach der Verleihung des Preises der Geographischen Gesellschaft zu Leipzig durch die Vorsitzende Prof. Dr. Sigrun Kabisch und den Schatzmeister Dirk H\u00e4nsgen.<\/p><\/div>\n","protected":false},"excerpt":{"rendered":"<p>Im Rahmen unserers Gesellschaftsabend am 8. Oktober 2024 wurden die beiden Preistr\u00e4ger f\u00fcr den Preis der Geographischen Gesellschaft 2022\/2023 bekanntgegeben und vor den versammelten Mitgliedern und G\u00e4sten f\u00fcr ihre herausragenden Abschlussarbeiten ausgezeichnet. Die beiden Preistr\u00e4ger sind: Jan Nowakowski mit seiner &hellip; <a href=\"https:\/\/www.geographische-gesellschaft-leipzig.de\/?page_id=1428\">Continue reading <span class=\"meta-nav\">&rarr;<\/span><\/a><\/p>\n","protected":false},"author":2,"featured_media":0,"parent":14,"menu_order":0,"comment_status":"closed","ping_status":"open","template":"","meta":{"footnotes":""},"class_list":["post-1428","page","type-page","status-publish","hentry"],"_links":{"self":[{"href":"https:\/\/www.geographische-gesellschaft-leipzig.de\/index.php?rest_route=\/wp\/v2\/pages\/1428"}],"collection":[{"href":"https:\/\/www.geographische-gesellschaft-leipzig.de\/index.php?rest_route=\/wp\/v2\/pages"}],"about":[{"href":"https:\/\/www.geographische-gesellschaft-leipzig.de\/index.php?rest_route=\/wp\/v2\/types\/page"}],"author":[{"embeddable":true,"href":"https:\/\/www.geographische-gesellschaft-leipzig.de\/index.php?rest_route=\/wp\/v2\/users\/2"}],"replies":[{"embeddable":true,"href":"https:\/\/www.geographische-gesellschaft-leipzig.de\/index.php?rest_route=%2Fwp%2Fv2%2Fcomments&post=1428"}],"version-history":[{"count":21,"href":"https:\/\/www.geographische-gesellschaft-leipzig.de\/index.php?rest_route=\/wp\/v2\/pages\/1428\/revisions"}],"predecessor-version":[{"id":2020,"href":"https:\/\/www.geographische-gesellschaft-leipzig.de\/index.php?rest_route=\/wp\/v2\/pages\/1428\/revisions\/2020"}],"up":[{"embeddable":true,"href":"https:\/\/www.geographische-gesellschaft-leipzig.de\/index.php?rest_route=\/wp\/v2\/pages\/14"}],"wp:attachment":[{"href":"https:\/\/www.geographische-gesellschaft-leipzig.de\/index.php?rest_route=%2Fwp%2Fv2%2Fmedia&parent=1428"}],"curies":[{"name":"wp","href":"https:\/\/api.w.org\/{rel}","templated":true}]}}