{"id":532,"date":"2014-06-10T06:04:54","date_gmt":"2014-06-10T06:04:54","guid":{"rendered":"http:\/\/www.geographische-gesellschaft-leipzig.de\/?page_id=532"},"modified":"2024-03-15T16:03:06","modified_gmt":"2024-03-15T16:03:06","slug":"impressum","status":"publish","type":"page","link":"https:\/\/www.geographische-gesellschaft-leipzig.de\/?page_id=532","title":{"rendered":"Impressum"},"content":{"rendered":"<p>Anschrift<\/p>\n<p>Geographische Gesellschaft zu Leipzig e.V.<br \/>\nc\/o Leibniz-Institut f\u00fcr L\u00e4nderkunde<br \/>\nSchongauerstr. 9<br \/>\n04328 Leipzig<br \/>\nTel.: +49 341 600 55-165<br \/>\nFax: +49 341 600 55-198<br \/>\nE-Mail: info[at]geographische-gesellschaft-leipzig.de<\/p>\n<p>Eingetragen im Vereinsregister des Amtsgerichts Leipzig, Nr. 1192<br \/>\nVereinsvorsitzende: Prof. Dr. Sigrun Kabisch<\/p>\n<p>Redaktionelle Verantwortlichkeit<br \/>\nDirk Haensgen, M.A. &#8211; d_haensgen[at]leibniz-ifl.de &#8211; Tel. +49 341 600 55-165<br \/>\nDipl.-Geogr. Eric Losang \u2013 e_losang[at]leibniz-ifl.de &#8211; Tel. +49 341 600 55-144<\/p>\n<p>Konzept, Programmierung und Administration<br \/>\nDipl.-Geogr. Eric Losang \u2013 e_losang[at]leibniz-ifl.de &#8211; Tel. +49 341 600 55-144<\/p>\n<p>Die Geographische Gesellschaft zu Leipzig gestattet die \u00dcbernahme von Inhalten f\u00fcr den privaten, wissenschaftlichen und nicht-kommerziellen Gebrauch. Die Nutzung zu Lehr- und Unterrichtszwecken in Schulen und Hochschulen ist unter deutlicher Angabe der Quelle erlaubt; sollte bei bestimmen Karten, Grafiken, Bildern etc. ein Copyright \u00a9 Dritter vorliegen und kenntlich gemacht sein, so ist die Geographische Gesellschaft zu Leipzig nicht befugt, dieses Recht grunds\u00e4tzlich und unmittelbar einzur\u00e4umen. N\u00e4here Auskunft erteilt Ihnen die Geographische Gesellschaft zu Leipzig auf Anfrage.<\/p>\n<p>Die \u00dcbernahme und Nutzung der Daten zu anderen als den oben genannten Zwecken, insbesondere zur kommerziellen Verwertung, bed\u00fcrfen der vorherigen schriftlichen Zustimmung der Geographischen Gesellschaft zu Leipzig.<\/p>\n<p>Haftungsausschluss<\/p>\n<p>1. Inhalt des Onlineangebots<br \/>\nDie Geographische Gesellschaft zu Leipzig ist um Richtigkeit und Aktualit\u00e4t der auf dieser Internetpr\u00e4senz bereitgestellten Informationen bem\u00fcht. Trotzdem k\u00f6nnen Fehler und Unklarheiten nicht vollst\u00e4ndig ausgeschlossen werden. Die Geographische Gesellschaft zu Leipzig \u00fcbernimmt deshalb keine Gew\u00e4hr f\u00fcr die Aktualit\u00e4t, Richtigkeit, Vollst\u00e4ndigkeit oder Qualit\u00e4t der bereitgestellten Informationen. F\u00fcr Sch\u00e4den materieller oder immaterieller Art, die durch die Nutzung oder Nichtnutzung der dargebotenen Informationen bzw. durch die Nutzung fehlerhafter und unvollst\u00e4ndiger Informationen unmittelbar oder mittelbar verursacht werden, haftet die Geographische Gesellschaft zu Leipzig nicht, sofern ihr nicht nachweislich vors\u00e4tzliches oder grob fahrl\u00e4ssiges Verschulden zur Last f\u00e4llt. Alle Angebote sind freibleibend und unverbindlich. Die Geographische Gesellschaft zu Leipzig beh\u00e4lt es sich ausdr\u00fccklich vor, Teile der Seiten oder das gesamte Angebot ohne gesonderte Ank\u00fcndigung zu ver\u00e4ndern, zu erg\u00e4nzen, zu l\u00f6schen oder die Ver\u00f6ffentlichung zeitweise oder endg\u00fcltig einzustellen.<\/p>\n<p>2. Verweise und Links<br \/>\nDie Verantwortlichkeit f\u00fcr \u201efremde Inhalte\u201c, die beispielsweise durch direkte oder indirekte Verkn\u00fcpfungen (z. B. so genannte \u201eLinks\u201c) zu anderen Anbietern bereitgehalten werden, setzt unter anderem positive Kenntnis des rechtswidrigen Inhaltes voraus. Die Geographische Gesellschaft zu Leipzig hat auf \u201efremde Inhalte\u201c keinerlei Einfluss und macht sich diese Inhalte auch nicht zu Eigen. Die Geographische Gesellschaft zu Leipzig hat keine Kenntnis \u00fcber rechtswidrige oder anst\u00f6\u00dfige Inhalte auf den mit seiner Internetpr\u00e4senz verkn\u00fcpften Seiten fremder Anbieter. Sollten auf den verkn\u00fcpften Seiten fremder Anbieter dennoch rechtswidrige oder anst\u00f6\u00dfige Inhalte enthalten sein, so distanziert sich die Geographische Gesellschaft zu Leipzig von diesen Inhalten ausdr\u00fccklich. Diese Feststellung gilt f\u00fcr alle innerhalb des eigenen Internetangebots gesetzten Links und Verweise sowie f\u00fcr Fremdeintr\u00e4ge in von der Geographischen Gesellschaft zu Leipzig eingerichteten G\u00e4steb\u00fcchern, Diskussionsforen und Mailinglisten. F\u00fcr illegale, fehlerhafte oder unvollst\u00e4ndige Inhalte und insbesondere f\u00fcr Sch\u00e4den, die aus der Nutzung oder Nichtnutzung solcherart dargebotener Informationen entstehen, haftet allein der Anbieter der Seite, auf welche verwiesen wurde, nicht derjenige, der \u00fcber Links auf die jeweilige Ver\u00f6ffentlichung lediglich verweist.<\/p>\n<p>3. Urheber- und Kennzeichenrecht<br \/>\nDie Geographische Gesellschaft zu Leipzig ist bestrebt, in allen Publikationen die Urheberrechte der verwendeten Grafiken, Tondokumente, Videosequenzen und Texte zu beachten, von ihr selbst erstellte Grafiken, Videosequenzen und Texte zu nutzen oder auf lizenzfreie Grafiken, Tondokumente, Videosequenzen und Texte zur\u00fcckzugreifen. Alle innerhalb des Internetangebots genannten und ggf. durch Dritte gesch\u00fctzten Marken- und Warenzeichen unterliegen uneingeschr\u00e4nkt den Bestimmungen des jeweils g\u00fcltigen Kennzeichenrechts und den Besitzrechten der jeweiligen eingetragenen Eigent\u00fcmer. Allein aufgrund der blo\u00dfen Nennung ist nicht der Schluss zu ziehen, dass Markenzeichen nicht durch Rechte Dritter gesch\u00fctzt sind. Das Copyright f\u00fcr ver\u00f6ffentlichte, von der Geographischen Gesellschaft zu Leipzig selbst erstellte Objekte bleibt allein beim Autor der Seiten. Eine Vervielf\u00e4ltigung oder Verwendung solcher Grafiken, Tondokumente, Videosequenzen und Texte in anderen elektronischen oder gedruckten Publikationen ist ohne ausdr\u00fcckliche Zustimmung der Geographischen Gesellschaft zu Leipzig nicht gestattet.<\/p>\n<p>4. Datenschutz<br \/>\nUm die vielf\u00e4ltigen Dienste und Dienstleistungen kundenorientiert und sachgem\u00e4\u00df anbieten und erbringen zu k\u00f6nnen, ist die Geographische Gesellschaft zu Leipzig, wie andere Unternehmen, darauf angewiesen, Kundendaten oder Daten im Zusammenhang mit Forschungsaufgaben erheben, verarbeiten und nutzen zu d\u00fcrfen. Die gesetzliche Regelung hierzu bildet das Bundesdatenschutzgesetz. Sofern innerhalb auch des Internetangebots die M\u00f6glichkeit zur Eingabe pers\u00f6nlicher oder gesch\u00e4ftlicher Daten (E-Mail-Adressen, Namen, Anschriften usw.) besteht, so erfolgt die Preisgabe dieser Daten seitens des Nutzers auf ausdr\u00fccklich freiwilliger Basis. Die Inanspruchnahme und Bezahlung aller angebotenen Dienste ist \u2013 soweit technisch m\u00f6glich und zumutbar \u2013 auch ohne Angabe solcher Daten bzw. unter Angabe anonymisierter Daten oder eines Pseudonyms gestattet. In dem durch die gesetzlichen Bestimmungen vorgegebenen Rahmen erheben, verarbeiten und nutzen wir personenbezogene Daten, die f\u00fcr die Begr\u00fcndung und \u00c4nderung von Kundenauftr\u00e4gen oder zur Forschung erforderlich sind (Bestandsdaten). Dazu geh\u00f6ren z. B. Name, Anschrift, Rechnungsbetr\u00e4ge und Geburtsdatum.<\/p>\n<p>5. Rechtswirksamkeit dieses Haftungsausschlusses<br \/>\nDieser Haftungsausschluss ist als Teil des Internetangebots zu betrachten, von dem aus auf diese Seite verwiesen wurde. Sofern Teile oder einzelne Formulierungen dieses Textes der geltenden Rechtlage nicht, nicht mehr oder nicht vollst\u00e4ndig entsprechen sollten, bleiben die \u00fcbrigen Teile des Dokumentes in ihrem Inhalt und ihrer G\u00fcltigkeit davon unber\u00fchrt.<\/p>\n","protected":false},"excerpt":{"rendered":"<p>Anschrift Geographische Gesellschaft zu Leipzig e.V. c\/o Leibniz-Institut f\u00fcr L\u00e4nderkunde Schongauerstr. 9 04328 Leipzig Tel.: +49 341 600 55-165 Fax: +49 341 600 55-198 E-Mail: info[at]geographische-gesellschaft-leipzig.de Eingetragen im Vereinsregister des Amtsgerichts Leipzig, Nr. 1192 Vereinsvorsitzende: Prof. Dr. Sigrun Kabisch Redaktionelle &hellip; <a href=\"https:\/\/www.geographische-gesellschaft-leipzig.de\/?page_id=532\">Continue reading <span class=\"meta-nav\">&rarr;<\/span><\/a><\/p>\n","protected":false},"author":1,"featured_media":0,"parent":0,"menu_order":6,"comment_status":"closed","ping_status":"open","template":"","meta":{"footnotes":""},"class_list":["post-532","page","type-page","status-publish","hentry"],"_links":{"self":[{"href":"https:\/\/www.geographische-gesellschaft-leipzig.de\/index.php?rest_route=\/wp\/v2\/pages\/532"}],"collection":[{"href":"https:\/\/www.geographische-gesellschaft-leipzig.de\/index.php?rest_route=\/wp\/v2\/pages"}],"about":[{"href":"https:\/\/www.geographische-gesellschaft-leipzig.de\/index.php?rest_route=\/wp\/v2\/types\/page"}],"author":[{"embeddable":true,"href":"https:\/\/www.geographische-gesellschaft-leipzig.de\/index.php?rest_route=\/wp\/v2\/users\/1"}],"replies":[{"embeddable":true,"href":"https:\/\/www.geographische-gesellschaft-leipzig.de\/index.php?rest_route=%2Fwp%2Fv2%2Fcomments&post=532"}],"version-history":[{"count":11,"href":"https:\/\/www.geographische-gesellschaft-leipzig.de\/index.php?rest_route=\/wp\/v2\/pages\/532\/revisions"}],"predecessor-version":[{"id":1911,"href":"https:\/\/www.geographische-gesellschaft-leipzig.de\/index.php?rest_route=\/wp\/v2\/pages\/532\/revisions\/1911"}],"wp:attachment":[{"href":"https:\/\/www.geographische-gesellschaft-leipzig.de\/index.php?rest_route=%2Fwp%2Fv2%2Fmedia&parent=532"}],"curies":[{"name":"wp","href":"https:\/\/api.w.org\/{rel}","templated":true}]}}